{"id":368,"date":"2024-05-18T18:33:08","date_gmt":"2024-05-18T18:33:08","guid":{"rendered":"https:\/\/groupedynamite.com\/contact\/"},"modified":"2024-11-21T02:30:10","modified_gmt":"2024-11-21T02:30:10","slug":"contact","status":"publish","type":"page","link":"https:\/\/groupedynamite.com\/fr\/contact\/","title":{"rendered":"Contact"},"content":{"rendered":"\n<section class=\"contact section || bg-pink [&#038;_svg]:w-full [&#038;_svg]:h-full\">\n    <div class=\"wrapper || [display:grid] gap-8 h-fit || lg:gap-16 lg:grid-cols-2\">\n        <div class=\"[display:grid] gap-6 h-fit || lg:gap-12\">\n            <div class=\"wysiwyg-container || max-w-[475px]\">\n                <h3 class=\"uui-heading-xxsmall size\">Service \u00e0 la client\u00e8le<\/h3>\n<p>Pour toute question ou demande concernant nos produits ou commandes, veuillez communiquer avec notre \u00e9quipe du service \u00e0 la client\u00e8le.<\/p>\n            <\/div>\n            <div class=\"[display:grid] gap-6 || lg:gap-10\">\n                                    <div class=\"contact || [display:grid] gap-2\">\n                        <p class=\"text-h5\">Garage Canada<\/p>\n                        <span class=\"[display:grid] items-center gap-2 [grid-template-columns:14px_1fr] || sm:gap-4\">\n                            <svg xmlns=\"http:\/\/www.w3.org\/2000\/svg\" viewBox=\"0 0 512 512\"><path d=\"M164.9 24.6c-7.7-18.6-28-28.5-47.4-23.2l-88 24C12.1 30.2 0 46 0 64C0 311.4 200.6 512 448 512c18 0 33.8-12.1 38.6-29.5l24-88c5.3-19.4-4.6-39.7-23.2-47.4l-96-40c-16.3-6.8-35.2-2.1-46.3 11.6L304.7 368C234.3 334.7 177.3 277.7 144 207.3L193.3 167c13.7-11.2 18.4-30 11.6-46.3l-40-96z\"\/><\/svg>                            <a href=\"tel:18008821138\" class=\"body-text || w-fit transition-opacity duration-300 hover:opacity-60\">1-800-882-1138<\/a>\n                        <\/span>\n                        <span class=\"[display:grid] items-center gap-2 [grid-template-columns:14px_1fr] || sm:gap-4\">\n                            <svg xmlns=\"http:\/\/www.w3.org\/2000\/svg\" viewBox=\"0 0 512 512\"><path d=\"M48 64C21.5 64 0 85.5 0 112c0 15.1 7.1 29.3 19.2 38.4L236.8 313.6c11.4 8.5 27 8.5 38.4 0L492.8 150.4c12.1-9.1 19.2-23.3 19.2-38.4c0-26.5-21.5-48-48-48H48zM0 176V384c0 35.3 28.7 64 64 64H448c35.3 0 64-28.7 64-64V176L294.4 339.2c-22.8 17.1-54 17.1-76.8 0L0 176z\"\/><\/svg>                            <a href=\"mailto:customerservice@garageclothing.com\" class=\"body-text || w-fit transition-opacity duration-300 hover:opacity-60\">customerservice@garageclothing.com<\/a>\n                        <\/span>\n                    <\/div>\n                                    <div class=\"contact || [display:grid] gap-2\">\n                        <p class=\"text-h5\">Garage USA<\/p>\n                        <span class=\"[display:grid] items-center gap-2 [grid-template-columns:14px_1fr] || sm:gap-4\">\n                            <svg xmlns=\"http:\/\/www.w3.org\/2000\/svg\" viewBox=\"0 0 512 512\"><path d=\"M164.9 24.6c-7.7-18.6-28-28.5-47.4-23.2l-88 24C12.1 30.2 0 46 0 64C0 311.4 200.6 512 448 512c18 0 33.8-12.1 38.6-29.5l24-88c5.3-19.4-4.6-39.7-23.2-47.4l-96-40c-16.3-6.8-35.2-2.1-46.3 11.6L304.7 368C234.3 334.7 177.3 277.7 144 207.3L193.3 167c13.7-11.2 18.4-30 11.6-46.3l-40-96z\"\/><\/svg>                            <a href=\"tel:18883427243\" class=\"body-text || w-fit transition-opacity duration-300 hover:opacity-60\">1-888-342-7243<\/a>\n                        <\/span>\n                        <span class=\"[display:grid] items-center gap-2 [grid-template-columns:14px_1fr] || sm:gap-4\">\n                            <svg xmlns=\"http:\/\/www.w3.org\/2000\/svg\" viewBox=\"0 0 512 512\"><path d=\"M48 64C21.5 64 0 85.5 0 112c0 15.1 7.1 29.3 19.2 38.4L236.8 313.6c11.4 8.5 27 8.5 38.4 0L492.8 150.4c12.1-9.1 19.2-23.3 19.2-38.4c0-26.5-21.5-48-48-48H48zM0 176V384c0 35.3 28.7 64 64 64H448c35.3 0 64-28.7 64-64V176L294.4 339.2c-22.8 17.1-54 17.1-76.8 0L0 176z\"\/><\/svg>                            <a href=\"mailto:customerservice@garageclothing.com\" class=\"body-text || w-fit transition-opacity duration-300 hover:opacity-60\">customerservice@garageclothing.com<\/a>\n                        <\/span>\n                    <\/div>\n                                    <div class=\"contact || [display:grid] gap-2\">\n                        <p class=\"text-h5\">Dynamite Canada<\/p>\n                        <span class=\"[display:grid] items-center gap-2 [grid-template-columns:14px_1fr] || sm:gap-4\">\n                            <svg xmlns=\"http:\/\/www.w3.org\/2000\/svg\" viewBox=\"0 0 512 512\"><path d=\"M164.9 24.6c-7.7-18.6-28-28.5-47.4-23.2l-88 24C12.1 30.2 0 46 0 64C0 311.4 200.6 512 448 512c18 0 33.8-12.1 38.6-29.5l24-88c5.3-19.4-4.6-39.7-23.2-47.4l-96-40c-16.3-6.8-35.2-2.1-46.3 11.6L304.7 368C234.3 334.7 177.3 277.7 144 207.3L193.3 167c13.7-11.2 18.4-30 11.6-46.3l-40-96z\"\/><\/svg>                            <a href=\"tel:18337478175\" class=\"body-text || w-fit transition-opacity duration-300 hover:opacity-60\">1-833-747-8175<\/a>\n                        <\/span>\n                        <span class=\"[display:grid] items-center gap-2 [grid-template-columns:14px_1fr] || sm:gap-4\">\n                            <svg xmlns=\"http:\/\/www.w3.org\/2000\/svg\" viewBox=\"0 0 512 512\"><path d=\"M48 64C21.5 64 0 85.5 0 112c0 15.1 7.1 29.3 19.2 38.4L236.8 313.6c11.4 8.5 27 8.5 38.4 0L492.8 150.4c12.1-9.1 19.2-23.3 19.2-38.4c0-26.5-21.5-48-48-48H48zM0 176V384c0 35.3 28.7 64 64 64H448c35.3 0 64-28.7 64-64V176L294.4 339.2c-22.8 17.1-54 17.1-76.8 0L0 176z\"\/><\/svg>                            <a href=\"mailto:customerservice@dynamiteclothing.com\" class=\"body-text || w-fit transition-opacity duration-300 hover:opacity-60\">customerservice@dynamiteclothing.com<\/a>\n                        <\/span>\n                    <\/div>\n                                    <div class=\"contact || [display:grid] gap-2\">\n                        <p class=\"text-h5\">Dynamite USA<\/p>\n                        <span class=\"[display:grid] items-center gap-2 [grid-template-columns:14px_1fr] || sm:gap-4\">\n                            <svg xmlns=\"http:\/\/www.w3.org\/2000\/svg\" viewBox=\"0 0 512 512\"><path d=\"M164.9 24.6c-7.7-18.6-28-28.5-47.4-23.2l-88 24C12.1 30.2 0 46 0 64C0 311.4 200.6 512 448 512c18 0 33.8-12.1 38.6-29.5l24-88c5.3-19.4-4.6-39.7-23.2-47.4l-96-40c-16.3-6.8-35.2-2.1-46.3 11.6L304.7 368C234.3 334.7 177.3 277.7 144 207.3L193.3 167c13.7-11.2 18.4-30 11.6-46.3l-40-96z\"\/><\/svg>                            <a href=\"tel:18334296629\" class=\"body-text || w-fit transition-opacity duration-300 hover:opacity-60\">1-833-429-6629<\/a>\n                        <\/span>\n                        <span class=\"[display:grid] items-center gap-2 [grid-template-columns:14px_1fr] || sm:gap-4\">\n                            <svg xmlns=\"http:\/\/www.w3.org\/2000\/svg\" viewBox=\"0 0 512 512\"><path d=\"M48 64C21.5 64 0 85.5 0 112c0 15.1 7.1 29.3 19.2 38.4L236.8 313.6c11.4 8.5 27 8.5 38.4 0L492.8 150.4c12.1-9.1 19.2-23.3 19.2-38.4c0-26.5-21.5-48-48-48H48zM0 176V384c0 35.3 28.7 64 64 64H448c35.3 0 64-28.7 64-64V176L294.4 339.2c-22.8 17.1-54 17.1-76.8 0L0 176z\"\/><\/svg>                            <a href=\"mailto:customerservice@dynamiteclothing.com\" class=\"body-text || w-fit transition-opacity duration-300 hover:opacity-60\">customerservice@dynamiteclothing.com<\/a>\n                        <\/span>\n                    <\/div>\n                            <\/div>\n            <div class=\"wysiwyg-container || [&#038;_h5]:font-bold\"><h5><span class=\"text-span-3\">NOTRE \u00c9QUIPE D&rsquo;ASSISTANCE \u00c0 LA CLIENT\u00c8LE EST DISPONIBLE<\/span>\u00a0\u00e0 l&rsquo;adresse<br \/>\ndu lundi au vendredi de 9h00 \u00e0 12h00 (heure de l&rsquo;Est)<br \/>\ndu samedi au dimanche de 9h00 \u00e0 21h00 (heure de l&rsquo;Est).<\/h5>\n<\/div>\n        <\/div>\n        <div class=\"[display:grid] gap-6 h-fit || lg:mt-28 lg:gap-12\">\n            <div class=\"wysiwyg-container\">\n                <h3 id=\"page-title\" class=\"nav-location\" tabindex=\"-1\">Relations avec les investisseurs<br \/>\nDemandes de la presse et des m\u00e9dias<\/h3>\n            <\/div>\n            <div class=\"[display:grid] gap-6 || lg:gap-10\">\n                                    <div class=\"contact || [display:grid] gap-2\">\n                        <p class=\"text-h5\">Relations avec les investisseurs<\/p>\n                        <span class=\"[display:grid] items-center gap-2 [grid-template-columns:14px_1fr] || sm:gap-4\">\n                            <svg xmlns=\"http:\/\/www.w3.org\/2000\/svg\" viewBox=\"0 0 512 512\"><path d=\"M48 64C21.5 64 0 85.5 0 112c0 15.1 7.1 29.3 19.2 38.4L236.8 313.6c11.4 8.5 27 8.5 38.4 0L492.8 150.4c12.1-9.1 19.2-23.3 19.2-38.4c0-26.5-21.5-48-48-48H48zM0 176V384c0 35.3 28.7 64 64 64H448c35.3 0 64-28.7 64-64V176L294.4 339.2c-22.8 17.1-54 17.1-76.8 0L0 176z\"\/><\/svg>                            <a href=\"mailto:investors@dynamite.ca\" class=\"body-text || w-fit transition-opacity duration-300 hover:opacity-60\">investors@dynamite.ca<\/a>\n                        <\/span>\n                    <\/div>\n                                    <div class=\"contact || [display:grid] gap-2\">\n                        <p class=\"text-h5\">GDI<\/p>\n                        <span class=\"[display:grid] items-center gap-2 [grid-template-columns:14px_1fr] || sm:gap-4\">\n                            <svg xmlns=\"http:\/\/www.w3.org\/2000\/svg\" viewBox=\"0 0 512 512\"><path d=\"M48 64C21.5 64 0 85.5 0 112c0 15.1 7.1 29.3 19.2 38.4L236.8 313.6c11.4 8.5 27 8.5 38.4 0L492.8 150.4c12.1-9.1 19.2-23.3 19.2-38.4c0-26.5-21.5-48-48-48H48zM0 176V384c0 35.3 28.7 64 64 64H448c35.3 0 64-28.7 64-64V176L294.4 339.2c-22.8 17.1-54 17.1-76.8 0L0 176z\"\/><\/svg>                            <a href=\"mailto:media@dynamite.ca\" class=\"body-text || w-fit transition-opacity duration-300 hover:opacity-60\">media@dynamite.ca<\/a>\n                        <\/span>\n                    <\/div>\n                                    <div class=\"contact || [display:grid] gap-2\">\n                        <p class=\"text-h5\">Garage<\/p>\n                        <span class=\"[display:grid] items-center gap-2 [grid-template-columns:14px_1fr] || sm:gap-4\">\n                            <svg xmlns=\"http:\/\/www.w3.org\/2000\/svg\" viewBox=\"0 0 512 512\"><path d=\"M48 64C21.5 64 0 85.5 0 112c0 15.1 7.1 29.3 19.2 38.4L236.8 313.6c11.4 8.5 27 8.5 38.4 0L492.8 150.4c12.1-9.1 19.2-23.3 19.2-38.4c0-26.5-21.5-48-48-48H48zM0 176V384c0 35.3 28.7 64 64 64H448c35.3 0 64-28.7 64-64V176L294.4 339.2c-22.8 17.1-54 17.1-76.8 0L0 176z\"\/><\/svg>                            <a href=\"mailto:garagepr@garage.ca\" class=\"body-text || w-fit transition-opacity duration-300 hover:opacity-60\">garagepr@garage.ca<\/a>\n                        <\/span>\n                    <\/div>\n                                    <div class=\"contact || [display:grid] gap-2\">\n                        <p class=\"text-h5\">Dynamite<\/p>\n                        <span class=\"[display:grid] items-center gap-2 [grid-template-columns:14px_1fr] || sm:gap-4\">\n                            <svg xmlns=\"http:\/\/www.w3.org\/2000\/svg\" viewBox=\"0 0 512 512\"><path d=\"M48 64C21.5 64 0 85.5 0 112c0 15.1 7.1 29.3 19.2 38.4L236.8 313.6c11.4 8.5 27 8.5 38.4 0L492.8 150.4c12.1-9.1 19.2-23.3 19.2-38.4c0-26.5-21.5-48-48-48H48zM0 176V384c0 35.3 28.7 64 64 64H448c35.3 0 64-28.7 64-64V176L294.4 339.2c-22.8 17.1-54 17.1-76.8 0L0 176z\"\/><\/svg>                            <a href=\"mailto:dynamitepr@dynamite.ca\" class=\"body-text || w-fit transition-opacity duration-300 hover:opacity-60\">dynamitepr@dynamite.ca<\/a>\n                        <\/span>\n                    <\/div>\n                            <\/div>\n        <\/div>\n    <\/div>\n<\/section>","protected":false},"excerpt":{"rendered":"","protected":false},"author":2,"featured_media":0,"parent":0,"menu_order":0,"comment_status":"closed","ping_status":"closed","template":"template-contact.php","meta":{"_acf_changed":true,"inline_featured_image":false,"footnotes":""},"class_list":["post-368","page","type-page","status-publish","hentry"],"acf":[],"_links":{"self":[{"href":"https:\/\/groupedynamite.com\/fr\/wp-json\/wp\/v2\/pages\/368","targetHints":{"allow":["GET"]}}],"collection":[{"href":"https:\/\/groupedynamite.com\/fr\/wp-json\/wp\/v2\/pages"}],"about":[{"href":"https:\/\/groupedynamite.com\/fr\/wp-json\/wp\/v2\/types\/page"}],"author":[{"embeddable":true,"href":"https:\/\/groupedynamite.com\/fr\/wp-json\/wp\/v2\/users\/2"}],"replies":[{"embeddable":true,"href":"https:\/\/groupedynamite.com\/fr\/wp-json\/wp\/v2\/comments?post=368"}],"version-history":[{"count":0,"href":"https:\/\/groupedynamite.com\/fr\/wp-json\/wp\/v2\/pages\/368\/revisions"}],"wp:attachment":[{"href":"https:\/\/groupedynamite.com\/fr\/wp-json\/wp\/v2\/media?parent=368"}],"curies":[{"name":"wp","href":"https:\/\/api.w.org\/{rel}","templated":true}]}}