{"id":359,"date":"2024-05-18T18:33:08","date_gmt":"2024-05-18T18:33:08","guid":{"rendered":"https:\/\/groupedynamite.com\/community\/"},"modified":"2024-09-17T21:05:12","modified_gmt":"2024-09-17T21:05:12","slug":"communaute","status":"publish","type":"page","link":"https:\/\/groupedynamite.com\/fr\/communaute\/","title":{"rendered":"Communaut\u00e9"},"content":{"rendered":"\n<section class=\"accordion section || bg-ivory\">\n    <div class=\"wrapper || [display:grid] gap-6 || lg:gap-8\">\n                    <h2 class=\"text-h3 || text-left text-charcoal max-w-[1200px]\">Nos initiatives communautaires sont ax\u00e9es sur le soutien des questions importantes pour notre personnel. Nous sommes fiers de nos partenariats de longue date et de confiance avec des organismes qui sont en premi\u00e8re ligne pour apporter des changements positifs.<\/h2>\n                <div class=\"[display:grid] gap-8 p-0 pt-4 border-t-2 border-charcoal || lg:[grid-template-columns:0.5fr_1.5fr]\">\n            <h3 class=\"text-h3\">Dans notre communaut\u00e9<\/h3>\n            <div class=\"[display:grid]\">\n                                    <div class=\"js-accordion-parent || border-b-2 border-charcoal h-fit [&#038;:first-of-type_.js-accordion-trigger]:pt-0\">\n\n                        <div class=\"js-accordion-trigger || group || py-5 cursor-pointer relative isolate\">\n                            <button class=\"flex justify-between items-center w-full h-full gap-x-6\" aria-expanded=\"false\">\n                                <p class=\"body-text || text-left\">Centraide \u2014 United Way<\/p>\n                                <div class=\"js-accordion-button || icon || shrink-0 relative [display:grid] w-6 h-6 place-items-center\">\n                                    <span class=\"line-x || absolute block w-[2px] h-6 rounded-full bg-charcoal -rotate-90 transition-all duration-300\"><\/span>\n                                    <span class=\"line-y || absolute block w-[2px] h-6 rounded-full bg-charcoal transition-all duration-300\"><\/span>\n                                <\/div>\n                            <\/button>\n                        <\/div>\n\n                        <div class=\"js-accordion-content || group || h-0 opacity-0 overflow-hidden\">\n                            <div class=\"wysiwyg-container || text-[1rem] text-charcoal pb-5 !max-w-[960px]\">\n                                <p>GDI est un fier partenaire de Centraide du Grand Montr\u00e9al (United Way) depuis 2009. Gr\u00e2ce \u00e0 nos campagnes annuelles, nous avons recueilli presque 900 000 $ de dollars au profit de Centraide.<\/p>\n                            <\/div>\n                        <\/div>\n\n                    <\/div>\n                                    <div class=\"js-accordion-parent || border-b-2 border-charcoal h-fit [&#038;:first-of-type_.js-accordion-trigger]:pt-0\">\n\n                        <div class=\"js-accordion-trigger || group || py-5 cursor-pointer relative isolate\">\n                            <button class=\"flex justify-between items-center w-full h-full gap-x-6\" aria-expanded=\"false\">\n                                <p class=\"body-text || text-left\">Outright Action International<\/p>\n                                <div class=\"js-accordion-button || icon || shrink-0 relative [display:grid] w-6 h-6 place-items-center\">\n                                    <span class=\"line-x || absolute block w-[2px] h-6 rounded-full bg-charcoal -rotate-90 transition-all duration-300\"><\/span>\n                                    <span class=\"line-y || absolute block w-[2px] h-6 rounded-full bg-charcoal transition-all duration-300\"><\/span>\n                                <\/div>\n                            <\/button>\n                        <\/div>\n\n                        <div class=\"js-accordion-content || group || h-0 opacity-0 overflow-hidden\">\n                            <div class=\"wysiwyg-container || text-[1rem] text-charcoal pb-5 !max-w-[960px]\">\n                                <p>En 2018, GDI est devenu un partenaire d&rsquo;OutRight Action International, le seul organisme de d\u00e9fense des droits des personnes LGBTIQ+ bas\u00e9 aux \u00c9tats-Unis et ayant une pr\u00e9sence permanente \u00e0 l&rsquo;ONU. GDI s&rsquo;engage \u00e0 aider \u00e0 amasser des fonds et \u00e0 faire conna\u00eetre le travail d&rsquo;OutRight Action International en mati\u00e8re de recherche, de documentation, de d\u00e9fense et d\u2019avancement des droits des personnes 2SLGBTQI+ dans le monde.<\/p>\n                            <\/div>\n                        <\/div>\n\n                    <\/div>\n                                    <div class=\"js-accordion-parent || border-b-2 border-charcoal h-fit [&#038;:first-of-type_.js-accordion-trigger]:pt-0\">\n\n                        <div class=\"js-accordion-trigger || group || py-5 cursor-pointer relative isolate\">\n                            <button class=\"flex justify-between items-center w-full h-full gap-x-6\" aria-expanded=\"false\">\n                                <p class=\"body-text || text-left\">Un arbre plant\u00e9<\/p>\n                                <div class=\"js-accordion-button || icon || shrink-0 relative [display:grid] w-6 h-6 place-items-center\">\n                                    <span class=\"line-x || absolute block w-[2px] h-6 rounded-full bg-charcoal -rotate-90 transition-all duration-300\"><\/span>\n                                    <span class=\"line-y || absolute block w-[2px] h-6 rounded-full bg-charcoal transition-all duration-300\"><\/span>\n                                <\/div>\n                            <\/button>\n                        <\/div>\n\n                        <div class=\"js-accordion-content || group || h-0 opacity-0 overflow-hidden\">\n                            <div class=\"wysiwyg-container || text-[1rem] text-charcoal pb-5 !max-w-[960px]\">\n                                <p>GDI a forg\u00e9 un partenariat en 2019 avec One Tree Planted pour favoriser la richesse de notre biodiversit\u00e9 locale. Depuis, GDI a r\u00e9colt\u00e9 700 000 dollars, ce qui a permis la plantation d&rsquo;environ un demi-million d&rsquo;arbres. Nos \u00e9quipes consacrent \u00e9galement une journ\u00e9e par an \u00e0 la plantation d&rsquo;arbres et d&rsquo;arbustes indig\u00e8nes.<\/p>\n                            <\/div>\n                        <\/div>\n\n                    <\/div>\n                                    <div class=\"js-accordion-parent || border-b-2 border-charcoal h-fit [&#038;:first-of-type_.js-accordion-trigger]:pt-0\">\n\n                        <div class=\"js-accordion-trigger || group || py-5 cursor-pointer relative isolate\">\n                            <button class=\"flex justify-between items-center w-full h-full gap-x-6\" aria-expanded=\"false\">\n                                <p class=\"body-text || text-left\">Fondation Cure<\/p>\n                                <div class=\"js-accordion-button || icon || shrink-0 relative [display:grid] w-6 h-6 place-items-center\">\n                                    <span class=\"line-x || absolute block w-[2px] h-6 rounded-full bg-charcoal -rotate-90 transition-all duration-300\"><\/span>\n                                    <span class=\"line-y || absolute block w-[2px] h-6 rounded-full bg-charcoal transition-all duration-300\"><\/span>\n                                <\/div>\n                            <\/button>\n                        <\/div>\n\n                        <div class=\"js-accordion-content || group || h-0 opacity-0 overflow-hidden\">\n                            <div class=\"wysiwyg-container || text-[1rem] text-charcoal pb-5 !max-w-[960px]\">\n                                <p>Depuis 1988, GDI a collect\u00e9 pr\u00e8s d&rsquo;un million de dollars pour la Fondation Cure par le biais de la campagne annuelle \u00ab\u00a0Denim for a Cure\u00a0\u00bb. Dans la lutte contre le cancer du sein, CURE investit dans des programmes de pr\u00e9vention et de d\u00e9tection pr\u00e9coce, dans la recherche de pointe pour am\u00e9liorer les traitements et dans une gamme de services de soutien pour les patients et leurs familles.<\/p>\n                            <\/div>\n                        <\/div>\n\n                    <\/div>\n                                    <div class=\"js-accordion-parent || border-b-2 border-charcoal h-fit [&#038;:first-of-type_.js-accordion-trigger]:pt-0\">\n\n                        <div class=\"js-accordion-trigger || group || py-5 cursor-pointer relative isolate\">\n                            <button class=\"flex justify-between items-center w-full h-full gap-x-6\" aria-expanded=\"false\">\n                                <p class=\"body-text || text-left\">Fondation canadienne des femmes<\/p>\n                                <div class=\"js-accordion-button || icon || shrink-0 relative [display:grid] w-6 h-6 place-items-center\">\n                                    <span class=\"line-x || absolute block w-[2px] h-6 rounded-full bg-charcoal -rotate-90 transition-all duration-300\"><\/span>\n                                    <span class=\"line-y || absolute block w-[2px] h-6 rounded-full bg-charcoal transition-all duration-300\"><\/span>\n                                <\/div>\n                            <\/button>\n                        <\/div>\n\n                        <div class=\"js-accordion-content || group || h-0 opacity-0 overflow-hidden\">\n                            <div class=\"wysiwyg-container || text-[1rem] text-charcoal pb-5 !max-w-[960px]\">\n                                <p>GDI soutient la section \u00ab\u00a0empowerment\u00a0\u00bb de la Fondation canadienne des femmes, qui finance des programmes de changement de vie con\u00e7us exclusivement pour les femmes. L&rsquo;une de ces initiatives est le programme de d\u00e9veloppement \u00e9conomique, qui aide les femmes et leurs enfants \u00e0 sortir de la pauvret\u00e9.<\/p>\n                            <\/div>\n                        <\/div>\n\n                    <\/div>\n                                    <div class=\"js-accordion-parent || border-b-2 border-charcoal h-fit [&#038;:first-of-type_.js-accordion-trigger]:pt-0\">\n\n                        <div class=\"js-accordion-trigger || group || py-5 cursor-pointer relative isolate\">\n                            <button class=\"flex justify-between items-center w-full h-full gap-x-6\" aria-expanded=\"false\">\n                                <p class=\"body-text || text-left\">Croix-Rouge<\/p>\n                                <div class=\"js-accordion-button || icon || shrink-0 relative [display:grid] w-6 h-6 place-items-center\">\n                                    <span class=\"line-x || absolute block w-[2px] h-6 rounded-full bg-charcoal -rotate-90 transition-all duration-300\"><\/span>\n                                    <span class=\"line-y || absolute block w-[2px] h-6 rounded-full bg-charcoal transition-all duration-300\"><\/span>\n                                <\/div>\n                            <\/button>\n                        <\/div>\n\n                        <div class=\"js-accordion-content || group || h-0 opacity-0 overflow-hidden\">\n                            <div class=\"wysiwyg-container || text-[1rem] text-charcoal pb-5 !max-w-[960px]\">\n                                <p>GDI a lanc\u00e9 une collecte de fonds au d\u00e9but de l&rsquo;ann\u00e9e 2022 au profit de l&rsquo;appel humanitaire de la Croix-Rouge canadienne pour l&rsquo;Ukraine et s&rsquo;est engag\u00e9 \u00e0 verser une somme \u00e9quivalente aux dons, jusqu&rsquo;\u00e0 concurrence de 100 000 dollars.<\/p>\n                            <\/div>\n                        <\/div>\n\n                    <\/div>\n                                    <div class=\"js-accordion-parent || border-b-2 border-charcoal h-fit [&#038;:first-of-type_.js-accordion-trigger]:pt-0\">\n\n                        <div class=\"js-accordion-trigger || group || py-5 cursor-pointer relative isolate\">\n                            <button class=\"flex justify-between items-center w-full h-full gap-x-6\" aria-expanded=\"false\">\n                                <p class=\"body-text || text-left\">Dons de marchandises \u00e0 des organisations locales<\/p>\n                                <div class=\"js-accordion-button || icon || shrink-0 relative [display:grid] w-6 h-6 place-items-center\">\n                                    <span class=\"line-x || absolute block w-[2px] h-6 rounded-full bg-charcoal -rotate-90 transition-all duration-300\"><\/span>\n                                    <span class=\"line-y || absolute block w-[2px] h-6 rounded-full bg-charcoal transition-all duration-300\"><\/span>\n                                <\/div>\n                            <\/button>\n                        <\/div>\n\n                        <div class=\"js-accordion-content || group || h-0 opacity-0 overflow-hidden\">\n                            <div class=\"wysiwyg-container || text-[1rem] text-charcoal pb-5 !max-w-[960px]\">\n                                <p>GDI donne des v\u00eatements, des v\u00eatements d&rsquo;hiver et plus encore \u00e0 des organismes locaux qui soutiennent les citoyens dans le besoin, notamment Dans la rue, Durham Youth Services, Fondation filles d&rsquo;action\/Girls Action Foundation, Carrefour Montrose, Camp familial Saint-Urbain, Maison de la famille de Saint-L\u00e9onard, Regroupement Partage et Moisson Montr\u00e9al.<\/p>\n                            <\/div>\n                        <\/div>\n\n                    <\/div>\n                                    <div class=\"js-accordion-parent || border-b-2 border-charcoal h-fit [&#038;:first-of-type_.js-accordion-trigger]:pt-0\">\n\n                        <div class=\"js-accordion-trigger || group || py-5 cursor-pointer relative isolate\">\n                            <button class=\"flex justify-between items-center w-full h-full gap-x-6\" aria-expanded=\"false\">\n                                <p class=\"body-text || text-left\">Parrainages scolaires<\/p>\n                                <div class=\"js-accordion-button || icon || shrink-0 relative [display:grid] w-6 h-6 place-items-center\">\n                                    <span class=\"line-x || absolute block w-[2px] h-6 rounded-full bg-charcoal -rotate-90 transition-all duration-300\"><\/span>\n                                    <span class=\"line-y || absolute block w-[2px] h-6 rounded-full bg-charcoal transition-all duration-300\"><\/span>\n                                <\/div>\n                            <\/button>\n                        <\/div>\n\n                        <div class=\"js-accordion-content || group || h-0 opacity-0 overflow-hidden\">\n                            <div class=\"wysiwyg-container || text-[1rem] text-charcoal pb-5 !max-w-[960px]\">\n                                <p>GDI est heureux de soutenir les talents \u00e9mergents en parrainant divers \u00e9v\u00e9nements scolaires et professionnels, ainsi qu&rsquo;en offrant des prix et des bourses aux \u00e9tudiants et aux dipl\u00f4m\u00e9s.<\/p>\n<ul>\n<li>\u00c9cole de gestion du commerce de d\u00e9tail Bensadoun &#8211; Universit\u00e9 McGill<\/li>\n<li>\u00c9cole de gestion John-Molson &#8211;<\/li>\n<li>Universit\u00e9 Concordia<\/li>\n<li>Coll\u00e8ge LaSalle<\/li>\n<li>Universit\u00e9 m\u00e9tropolitaine de Toronto<\/li>\n<li>Spectre de la mode<\/li>\n<li>Pensionnat du Saint-Nom-de-Marie<\/li>\n<\/ul>\n                            <\/div>\n                        <\/div>\n\n                    <\/div>\n                            <\/div>\n        <\/div>\n    <\/div>\n<\/section>","protected":false},"excerpt":{"rendered":"","protected":false},"author":2,"featured_media":335,"parent":0,"menu_order":0,"comment_status":"closed","ping_status":"closed","template":"template-community.php","meta":{"_acf_changed":true,"inline_featured_image":false,"footnotes":""},"class_list":["post-359","page","type-page","status-publish","has-post-thumbnail","hentry"],"acf":[],"_links":{"self":[{"href":"https:\/\/groupedynamite.com\/fr\/wp-json\/wp\/v2\/pages\/359","targetHints":{"allow":["GET"]}}],"collection":[{"href":"https:\/\/groupedynamite.com\/fr\/wp-json\/wp\/v2\/pages"}],"about":[{"href":"https:\/\/groupedynamite.com\/fr\/wp-json\/wp\/v2\/types\/page"}],"author":[{"embeddable":true,"href":"https:\/\/groupedynamite.com\/fr\/wp-json\/wp\/v2\/users\/2"}],"replies":[{"embeddable":true,"href":"https:\/\/groupedynamite.com\/fr\/wp-json\/wp\/v2\/comments?post=359"}],"version-history":[{"count":0,"href":"https:\/\/groupedynamite.com\/fr\/wp-json\/wp\/v2\/pages\/359\/revisions"}],"wp:featuredmedia":[{"embeddable":true,"href":"https:\/\/groupedynamite.com\/fr\/wp-json\/wp\/v2\/media\/335"}],"wp:attachment":[{"href":"https:\/\/groupedynamite.com\/fr\/wp-json\/wp\/v2\/media?parent=359"}],"curies":[{"name":"wp","href":"https:\/\/api.w.org\/{rel}","templated":true}]}}