{"id":354,"date":"2024-05-18T18:33:08","date_gmt":"2024-05-18T18:33:08","guid":{"rendered":"https:\/\/groupedynamite.com\/brands\/"},"modified":"2026-04-08T16:58:43","modified_gmt":"2026-04-08T16:58:43","slug":"marques","status":"publish","type":"page","link":"https:\/\/groupedynamite.com\/fr\/marques\/","title":{"rendered":"Marques"},"content":{"rendered":"\n<section class=\"brands section || !p-0 overflow-hidden\">\n    <div class=\"wrapper || [display:grid] p-0 || md:grid-cols-2\">\n                    <a href=\"https:\/\/www.dynamiteclothing.com\/\" target=\"_blank\" class=\"brand || group || relative\">\n                <img loading=\"lazy\" decoding=\"async\" width=\"1400\" height=\"1684\" src=\"https:\/\/groupedynamite.com\/wp-content\/uploads\/2026\/04\/DYN_Q4-1400x1684.jpg\" class=\"w-full h-screen object-cover object-top transition-all duration-500 group-hover:brightness-[.6]\" alt=\"\" srcset=\"https:\/\/groupedynamite.com\/wp-content\/uploads\/2026\/04\/DYN_Q4-1400x1684.jpg 1400w, https:\/\/groupedynamite.com\/wp-content\/uploads\/2026\/04\/DYN_Q4-249x300.jpg 249w, https:\/\/groupedynamite.com\/wp-content\/uploads\/2026\/04\/DYN_Q4-851x1024.jpg 851w, https:\/\/groupedynamite.com\/wp-content\/uploads\/2026\/04\/DYN_Q4-768x924.jpg 768w, https:\/\/groupedynamite.com\/wp-content\/uploads\/2026\/04\/DYN_Q4-1277x1536.jpg 1277w, https:\/\/groupedynamite.com\/wp-content\/uploads\/2026\/04\/DYN_Q4.jpg 1702w, https:\/\/groupedynamite.com\/wp-content\/uploads\/2026\/04\/DYN_Q4-1024x1232.jpg 1024w, https:\/\/groupedynamite.com\/wp-content\/uploads\/2026\/04\/DYN_Q4-640x770.jpg 640w, https:\/\/groupedynamite.com\/wp-content\/uploads\/2026\/04\/DYN_Q4-480x578.jpg 480w, https:\/\/groupedynamite.com\/wp-content\/uploads\/2026\/04\/DYN_Q4-350x421.jpg 350w, https:\/\/groupedynamite.com\/wp-content\/uploads\/2026\/04\/DYN_Q4-150x180.jpg 150w\" sizes=\"auto, (max-width: 1400px) 100vw, 1400px\" \/>                <div class=\"[display:grid] gap-6 absolute left-0 top-1\/2 w-full max-h-[60px]\">\n                    <img loading=\"lazy\" decoding=\"async\" width=\"640\" height=\"79\" src=\"https:\/\/groupedynamite.com\/wp-content\/uploads\/2024\/09\/DYN-3.0-640x79.png\" class=\"object-contain mx-auto\" alt=\"\" srcset=\"https:\/\/groupedynamite.com\/wp-content\/uploads\/2024\/09\/DYN-3.0-640x79.png 640w, https:\/\/groupedynamite.com\/wp-content\/uploads\/2024\/09\/DYN-3.0-300x37.png 300w, https:\/\/groupedynamite.com\/wp-content\/uploads\/2024\/09\/DYN-3.0-1024x126.png 1024w, https:\/\/groupedynamite.com\/wp-content\/uploads\/2024\/09\/DYN-3.0-768x95.png 768w, https:\/\/groupedynamite.com\/wp-content\/uploads\/2024\/09\/DYN-3.0-480x59.png 480w, https:\/\/groupedynamite.com\/wp-content\/uploads\/2024\/09\/DYN-3.0-350x43.png 350w, https:\/\/groupedynamite.com\/wp-content\/uploads\/2024\/09\/DYN-3.0-150x18.png 150w, https:\/\/groupedynamite.com\/wp-content\/uploads\/2024\/09\/DYN-3.0.png 1111w\" sizes=\"auto, (max-width: 640px) 100vw, 640px\" \/>                    <p class=\"text-h4 || w-full text-white text-center\">Au menu : des looks qui vont du brunch au souper. Styles par nous, mais tout \u00e0 fait vous.<\/p>\n                <\/div>\n                <p class=\"text-h3 || opacity-0 absolute left-1\/2 -translate-x-1\/2 bottom-20 text-white text-center transition-opacity duration-500 group-hover:opacity-100\">D\u00e9couvrir<\/p>\n            <\/a>\n                    <a href=\"https:\/\/www.garageclothing.com\/ca\/\" target=\"_blank\" class=\"brand || group || relative\">\n                <img loading=\"lazy\" decoding=\"async\" width=\"1400\" height=\"1479\" src=\"https:\/\/groupedynamite.com\/wp-content\/uploads\/2026\/04\/GRG_Q4-1400x1479.jpg\" class=\"w-full h-screen object-cover object-top transition-all duration-500 group-hover:brightness-[.6]\" alt=\"\" srcset=\"https:\/\/groupedynamite.com\/wp-content\/uploads\/2026\/04\/GRG_Q4-1400x1479.jpg 1400w, https:\/\/groupedynamite.com\/wp-content\/uploads\/2026\/04\/GRG_Q4-284x300.jpg 284w, https:\/\/groupedynamite.com\/wp-content\/uploads\/2026\/04\/GRG_Q4-969x1024.jpg 969w, https:\/\/groupedynamite.com\/wp-content\/uploads\/2026\/04\/GRG_Q4-768x811.jpg 768w, https:\/\/groupedynamite.com\/wp-content\/uploads\/2026\/04\/GRG_Q4-1454x1536.jpg 1454w, https:\/\/groupedynamite.com\/wp-content\/uploads\/2026\/04\/GRG_Q4.jpg 1938w, https:\/\/groupedynamite.com\/wp-content\/uploads\/2026\/04\/GRG_Q4-1920x2029.jpg 1920w, https:\/\/groupedynamite.com\/wp-content\/uploads\/2026\/04\/GRG_Q4-1024x1082.jpg 1024w, https:\/\/groupedynamite.com\/wp-content\/uploads\/2026\/04\/GRG_Q4-640x676.jpg 640w, https:\/\/groupedynamite.com\/wp-content\/uploads\/2026\/04\/GRG_Q4-480x507.jpg 480w, https:\/\/groupedynamite.com\/wp-content\/uploads\/2026\/04\/GRG_Q4-350x370.jpg 350w, https:\/\/groupedynamite.com\/wp-content\/uploads\/2026\/04\/GRG_Q4-150x158.jpg 150w\" sizes=\"auto, (max-width: 1400px) 100vw, 1400px\" \/>                <div class=\"[display:grid] gap-6 absolute left-0 top-1\/2 w-full max-h-[60px]\">\n                    <img loading=\"lazy\" decoding=\"async\" width=\"640\" height=\"118\" src=\"https:\/\/groupedynamite.com\/wp-content\/uploads\/2024\/09\/GRG-LOGO-640x118.png\" class=\"object-contain mx-auto\" alt=\"\" srcset=\"https:\/\/groupedynamite.com\/wp-content\/uploads\/2024\/09\/GRG-LOGO-640x118.png 640w, https:\/\/groupedynamite.com\/wp-content\/uploads\/2024\/09\/GRG-LOGO-300x55.png 300w, https:\/\/groupedynamite.com\/wp-content\/uploads\/2024\/09\/GRG-LOGO-768x141.png 768w, https:\/\/groupedynamite.com\/wp-content\/uploads\/2024\/09\/GRG-LOGO-480x88.png 480w, https:\/\/groupedynamite.com\/wp-content\/uploads\/2024\/09\/GRG-LOGO-350x64.png 350w, https:\/\/groupedynamite.com\/wp-content\/uploads\/2024\/09\/GRG-LOGO-150x28.png 150w, https:\/\/groupedynamite.com\/wp-content\/uploads\/2024\/09\/GRG-LOGO.png 974w\" sizes=\"auto, (max-width: 640px) 100vw, 640px\" \/>                    <p class=\"text-h4 || w-full text-white text-center\">Encourager notre g\u00e9n\u00e9ration \u00e0 faire les choses \u00e0 sa fa\u00e7on avec confiance.<\/p>\n                <\/div>\n                <p class=\"text-h3 || opacity-0 absolute left-1\/2 -translate-x-1\/2 bottom-20 text-white text-center transition-opacity duration-500 group-hover:opacity-100\">D\u00e9couvrir<\/p>\n            <\/a>\n            <\/div>\n<\/section>","protected":false},"excerpt":{"rendered":"","protected":false},"author":2,"featured_media":0,"parent":0,"menu_order":0,"comment_status":"closed","ping_status":"closed","template":"","meta":{"_acf_changed":true,"inline_featured_image":false,"footnotes":""},"class_list":["post-354","page","type-page","status-publish","hentry"],"acf":[],"_links":{"self":[{"href":"https:\/\/groupedynamite.com\/fr\/wp-json\/wp\/v2\/pages\/354","targetHints":{"allow":["GET"]}}],"collection":[{"href":"https:\/\/groupedynamite.com\/fr\/wp-json\/wp\/v2\/pages"}],"about":[{"href":"https:\/\/groupedynamite.com\/fr\/wp-json\/wp\/v2\/types\/page"}],"author":[{"embeddable":true,"href":"https:\/\/groupedynamite.com\/fr\/wp-json\/wp\/v2\/users\/2"}],"replies":[{"embeddable":true,"href":"https:\/\/groupedynamite.com\/fr\/wp-json\/wp\/v2\/comments?post=354"}],"version-history":[{"count":0,"href":"https:\/\/groupedynamite.com\/fr\/wp-json\/wp\/v2\/pages\/354\/revisions"}],"wp:attachment":[{"href":"https:\/\/groupedynamite.com\/fr\/wp-json\/wp\/v2\/media?parent=354"}],"curies":[{"name":"wp","href":"https:\/\/api.w.org\/{rel}","templated":true}]}}