{"id":348,"date":"2024-05-18T18:33:08","date_gmt":"2024-05-18T18:33:08","guid":{"rendered":"https:\/\/groupedynamite.com\/about-us\/"},"modified":"2024-11-21T02:18:37","modified_gmt":"2024-11-21T02:18:37","slug":"a-propos","status":"publish","type":"page","link":"https:\/\/groupedynamite.com\/fr\/a-propos\/","title":{"rendered":"\u00c0 propos"},"content":{"rendered":"\n<section class=\"title-video-subtitle section || bg-beige\">\n    <div class=\"wrapper\">\n        <h2 class=\"text-h3 || max-w-[1078px]\">Nous continuons d&rsquo;\u00eatre guid\u00e9s par notre mission initiale : cr\u00e9er une mode accessible qui inspire les individus soucieux de leur style \u00e0 se sentir bien dans leur peau.\r\n<\/h2>\n        <video class=\"relative mx-auto overflow-hidden rounded-[15px] my-8 max-w-[975px] min-h-[565px] w-full object-cover || lg:my-16\" autoplay loop muted playsinline>\n            <source src=\"https:\/\/groupedynamite.com\/wp-content\/uploads\/2024\/09\/DYN_CORPORATE_1000_562.5.webm\" type=\"video\/webm\" \/>\n            <source src=\"https:\/\/groupedynamite.com\/wp-content\/uploads\/2024\/09\/DYN_CORPORATE_1000_562.5.mp4\" type=\"video\/mp4\" \/>\n        <\/video>\n        <h3 class=\"text-h3 || w-full max-w-[1080px] mx-auto text-center\">\u00c0 l&rsquo;avant-garde de la mode, notre succ\u00e8s et notre long\u00e9vit\u00e9 sont aliment\u00e9s par une culture cr\u00e9ative et inclusive. Nous sommes des laur\u00e9ats de longue date du prestigieux prix d\u2019Employeur de Montr\u00e9al de l\u2019ann\u00e9e ainsi que de Meilleur employeur pour les jeunes Canadiens.<\/h3>\n    <\/div>\n<\/section>\n\n\n<section class=\"recognition section || bg-beige\">\n    <div class=\"wrapper || [display:grid] gap-6 || md:flex\">\n        <div class=\"recognitions-image-swiper swiper-container || pointer-events-none overflow-hidden w-full max-h-[300px]\">\n            <div class=\"swiper-wrapper\">\n                <img loading=\"lazy\" decoding=\"async\" width=\"526\" height=\"436\" src=\"https:\/\/groupedynamite.com\/wp-content\/uploads\/2024\/05\/644070a166d4a429c85c8801_logo.png\" class=\"swiper-slide object-contain\" alt=\"\" srcset=\"https:\/\/groupedynamite.com\/wp-content\/uploads\/2024\/05\/644070a166d4a429c85c8801_logo.png 526w, https:\/\/groupedynamite.com\/wp-content\/uploads\/2024\/05\/644070a166d4a429c85c8801_logo-300x249.png 300w, https:\/\/groupedynamite.com\/wp-content\/uploads\/2024\/05\/644070a166d4a429c85c8801_logo-480x398.png 480w, https:\/\/groupedynamite.com\/wp-content\/uploads\/2024\/05\/644070a166d4a429c85c8801_logo-350x290.png 350w, https:\/\/groupedynamite.com\/wp-content\/uploads\/2024\/05\/644070a166d4a429c85c8801_logo-150x124.png 150w\" sizes=\"auto, (max-width: 526px) 100vw, 526px\" \/><img loading=\"lazy\" decoding=\"async\" width=\"640\" height=\"530\" src=\"https:\/\/groupedynamite.com\/wp-content\/uploads\/2024\/05\/645b8b93a74bb85a156bdbc9_employe1-640x530.png\" class=\"swiper-slide object-contain\" alt=\"\" srcset=\"https:\/\/groupedynamite.com\/wp-content\/uploads\/2024\/05\/645b8b93a74bb85a156bdbc9_employe1-640x530.png 640w, https:\/\/groupedynamite.com\/wp-content\/uploads\/2024\/05\/645b8b93a74bb85a156bdbc9_employe1-300x249.png 300w, https:\/\/groupedynamite.com\/wp-content\/uploads\/2024\/05\/645b8b93a74bb85a156bdbc9_employe1-1024x849.png 1024w, https:\/\/groupedynamite.com\/wp-content\/uploads\/2024\/05\/645b8b93a74bb85a156bdbc9_employe1-768x637.png 768w, https:\/\/groupedynamite.com\/wp-content\/uploads\/2024\/05\/645b8b93a74bb85a156bdbc9_employe1-1536x1273.png 1536w, https:\/\/groupedynamite.com\/wp-content\/uploads\/2024\/05\/645b8b93a74bb85a156bdbc9_employe1-1400x1160.png 1400w, https:\/\/groupedynamite.com\/wp-content\/uploads\/2024\/05\/645b8b93a74bb85a156bdbc9_employe1-480x398.png 480w, https:\/\/groupedynamite.com\/wp-content\/uploads\/2024\/05\/645b8b93a74bb85a156bdbc9_employe1-350x290.png 350w, https:\/\/groupedynamite.com\/wp-content\/uploads\/2024\/05\/645b8b93a74bb85a156bdbc9_employe1-150x124.png 150w, https:\/\/groupedynamite.com\/wp-content\/uploads\/2024\/05\/645b8b93a74bb85a156bdbc9_employe1.png 1578w\" sizes=\"auto, (max-width: 640px) 100vw, 640px\" \/><img loading=\"lazy\" decoding=\"async\" width=\"640\" height=\"529\" src=\"https:\/\/groupedynamite.com\/wp-content\/uploads\/2024\/05\/645b8b82d9e97a1350238df3_centraide-640x529.png\" class=\"swiper-slide object-contain\" alt=\"\" srcset=\"https:\/\/groupedynamite.com\/wp-content\/uploads\/2024\/05\/645b8b82d9e97a1350238df3_centraide-640x529.png 640w, https:\/\/groupedynamite.com\/wp-content\/uploads\/2024\/05\/645b8b82d9e97a1350238df3_centraide-300x248.png 300w, https:\/\/groupedynamite.com\/wp-content\/uploads\/2024\/05\/645b8b82d9e97a1350238df3_centraide-1024x847.png 1024w, https:\/\/groupedynamite.com\/wp-content\/uploads\/2024\/05\/645b8b82d9e97a1350238df3_centraide-768x635.png 768w, https:\/\/groupedynamite.com\/wp-content\/uploads\/2024\/05\/645b8b82d9e97a1350238df3_centraide-1536x1271.png 1536w, https:\/\/groupedynamite.com\/wp-content\/uploads\/2024\/05\/645b8b82d9e97a1350238df3_centraide-1400x1158.png 1400w, https:\/\/groupedynamite.com\/wp-content\/uploads\/2024\/05\/645b8b82d9e97a1350238df3_centraide-480x397.png 480w, https:\/\/groupedynamite.com\/wp-content\/uploads\/2024\/05\/645b8b82d9e97a1350238df3_centraide-350x290.png 350w, https:\/\/groupedynamite.com\/wp-content\/uploads\/2024\/05\/645b8b82d9e97a1350238df3_centraide-150x124.png 150w, https:\/\/groupedynamite.com\/wp-content\/uploads\/2024\/05\/645b8b82d9e97a1350238df3_centraide.png 1581w\" sizes=\"auto, (max-width: 640px) 100vw, 640px\" \/>            <\/div>\n        <\/div>\n        <div class=\"[display:grid] gap-8 border-t-2 border-charcoal pt-5 basis-2\/3 shrink-0 || sm:[grid-template-columns:1fr_2.25fr]\">\n            <h2 class=\"text-h3\">Recognition<\/h2>\n            <div class=\"[display:grid] w-full h-fit\">\n                                    <p class=\"body-text || h-fit py-5 first-of-type:pt-0 border-b-2 border-charcoal\">Meilleurs employeurs \u00e0 Montr\u00e9al en 2023<\/p>\n                                    <p class=\"body-text || h-fit py-5 first-of-type:pt-0 border-b-2 border-charcoal\">Meilleurs employeurs pour les jeunes Canadiens en 2023<\/p>\n                                    <p class=\"body-text || h-fit py-5 first-of-type:pt-0 border-b-2 border-charcoal\">Prix \u00ab Solidaires \u00bb de Centraide en 2023 &#8211; Engagement d&rsquo;entreprise<\/p>\n                            <\/div>\n        <\/div>\n    <\/div>\n<\/section>","protected":false},"excerpt":{"rendered":"","protected":false},"author":2,"featured_media":1453,"parent":0,"menu_order":0,"comment_status":"closed","ping_status":"closed","template":"","meta":{"_acf_changed":true,"inline_featured_image":false,"footnotes":""},"class_list":["post-348","page","type-page","status-publish","has-post-thumbnail","hentry"],"acf":[],"_links":{"self":[{"href":"https:\/\/groupedynamite.com\/fr\/wp-json\/wp\/v2\/pages\/348","targetHints":{"allow":["GET"]}}],"collection":[{"href":"https:\/\/groupedynamite.com\/fr\/wp-json\/wp\/v2\/pages"}],"about":[{"href":"https:\/\/groupedynamite.com\/fr\/wp-json\/wp\/v2\/types\/page"}],"author":[{"embeddable":true,"href":"https:\/\/groupedynamite.com\/fr\/wp-json\/wp\/v2\/users\/2"}],"replies":[{"embeddable":true,"href":"https:\/\/groupedynamite.com\/fr\/wp-json\/wp\/v2\/comments?post=348"}],"version-history":[{"count":0,"href":"https:\/\/groupedynamite.com\/fr\/wp-json\/wp\/v2\/pages\/348\/revisions"}],"wp:featuredmedia":[{"embeddable":true,"href":"https:\/\/groupedynamite.com\/fr\/wp-json\/wp\/v2\/media\/1453"}],"wp:attachment":[{"href":"https:\/\/groupedynamite.com\/fr\/wp-json\/wp\/v2\/media?parent=348"}],"curies":[{"name":"wp","href":"https:\/\/api.w.org\/{rel}","templated":true}]}}