{"id":344,"date":"2024-05-18T18:33:07","date_gmt":"2024-05-18T18:33:07","guid":{"rendered":"https:\/\/groupedynamite.com\/home\/"},"modified":"2026-04-02T18:18:19","modified_gmt":"2026-04-02T18:18:19","slug":"home","status":"publish","type":"page","link":"https:\/\/groupedynamite.com\/fr\/","title":{"rendered":"Accueil"},"content":{"rendered":"\n<section class=\"preview-brands section\">\n    <div class=\"wrapper\">\n        <h2 class=\"text-h3 || max-w-[1200px]\">Dans la mode depuis 1975. Nos plus de 300 magasins en Am\u00e9rique du Nord, soutenus par une \u00e9quipe internationale de 7 200 personnes, continuent de ravir les clients dans leur qu\u00eate de style.<\/h2>\n        <p class=\"subtitle || uppercase font-semibold mt-8 || lg:mt-12\">Nos marques<\/p>\n        <div class=\"[display:grid] gap-6 mt-6 || lg:grid-cols-2\">\n                            <a href=\"https:\/\/www.dynamiteclothing.com\/\" class=\"brand || group || block relative overflow-hidden rounded-[20px]\">\n                    <div class=\"thumbnail w-full brand-image || w-full h-full transition-all duration-500 group-hover:brightness-[.6] group-hover:scale-105\"  style=\"padding-bottom: 71.875%\" >\n            <img loading=\"lazy\" decoding=\"async\" width=\"1024\" height=\"1232\" src=\"https:\/\/groupedynamite.com\/wp-content\/uploads\/2026\/04\/DYN_Q4-1024x1232.jpg\" class=\"attachment-1024x9999 size-1024x9999\" alt=\"\" srcset=\"https:\/\/groupedynamite.com\/wp-content\/uploads\/2026\/04\/DYN_Q4-1024x1232.jpg 1024w, https:\/\/groupedynamite.com\/wp-content\/uploads\/2026\/04\/DYN_Q4-249x300.jpg 249w, https:\/\/groupedynamite.com\/wp-content\/uploads\/2026\/04\/DYN_Q4-851x1024.jpg 851w, https:\/\/groupedynamite.com\/wp-content\/uploads\/2026\/04\/DYN_Q4-768x924.jpg 768w, https:\/\/groupedynamite.com\/wp-content\/uploads\/2026\/04\/DYN_Q4-1277x1536.jpg 1277w, https:\/\/groupedynamite.com\/wp-content\/uploads\/2026\/04\/DYN_Q4.jpg 1702w, https:\/\/groupedynamite.com\/wp-content\/uploads\/2026\/04\/DYN_Q4-1400x1684.jpg 1400w, https:\/\/groupedynamite.com\/wp-content\/uploads\/2026\/04\/DYN_Q4-640x770.jpg 640w, https:\/\/groupedynamite.com\/wp-content\/uploads\/2026\/04\/DYN_Q4-480x578.jpg 480w, https:\/\/groupedynamite.com\/wp-content\/uploads\/2026\/04\/DYN_Q4-350x421.jpg 350w, https:\/\/groupedynamite.com\/wp-content\/uploads\/2026\/04\/DYN_Q4-150x180.jpg 150w\" sizes=\"auto, (max-width: 1024px) 100vw, 1024px\" \/>    <\/div><img loading=\"lazy\" decoding=\"async\" width=\"1024\" height=\"126\" src=\"https:\/\/groupedynamite.com\/wp-content\/uploads\/2024\/09\/DYN-3.0-1024x126.png\" class=\"brand-name-image || absolute top-[55%] scale-[0.85] max-h-[60px] object-contain w-full 2xl:scale-[1.25]\" alt=\"\" srcset=\"https:\/\/groupedynamite.com\/wp-content\/uploads\/2024\/09\/DYN-3.0-1024x126.png 1024w, https:\/\/groupedynamite.com\/wp-content\/uploads\/2024\/09\/DYN-3.0-300x37.png 300w, https:\/\/groupedynamite.com\/wp-content\/uploads\/2024\/09\/DYN-3.0-768x95.png 768w, https:\/\/groupedynamite.com\/wp-content\/uploads\/2024\/09\/DYN-3.0-640x79.png 640w, https:\/\/groupedynamite.com\/wp-content\/uploads\/2024\/09\/DYN-3.0-480x59.png 480w, https:\/\/groupedynamite.com\/wp-content\/uploads\/2024\/09\/DYN-3.0-350x43.png 350w, https:\/\/groupedynamite.com\/wp-content\/uploads\/2024\/09\/DYN-3.0-150x18.png 150w, https:\/\/groupedynamite.com\/wp-content\/uploads\/2024\/09\/DYN-3.0.png 1111w\" sizes=\"auto, (max-width: 1024px) 100vw, 1024px\" \/>                    <div class=\"discover || text-h3 || opacity-0 transition-opacity duration-500 group-hover:opacity-100\">D\u00e9couvrir<\/div>\n                <\/a>\n                            <a href=\"https:\/\/www.garageclothing.com\/ca\/\" class=\"brand || group || block relative overflow-hidden rounded-[20px]\">\n                    <div class=\"thumbnail w-full brand-image || w-full h-full transition-all duration-500 group-hover:brightness-[.6] group-hover:scale-105\"  style=\"padding-bottom: 71.875%\" >\n            <img loading=\"lazy\" decoding=\"async\" width=\"1024\" height=\"1082\" src=\"https:\/\/groupedynamite.com\/wp-content\/uploads\/2026\/04\/GRG_Q4-1024x1082.jpg\" class=\"attachment-1024x9999 size-1024x9999\" alt=\"\" srcset=\"https:\/\/groupedynamite.com\/wp-content\/uploads\/2026\/04\/GRG_Q4-1024x1082.jpg 1024w, https:\/\/groupedynamite.com\/wp-content\/uploads\/2026\/04\/GRG_Q4-284x300.jpg 284w, https:\/\/groupedynamite.com\/wp-content\/uploads\/2026\/04\/GRG_Q4-969x1024.jpg 969w, https:\/\/groupedynamite.com\/wp-content\/uploads\/2026\/04\/GRG_Q4-768x811.jpg 768w, https:\/\/groupedynamite.com\/wp-content\/uploads\/2026\/04\/GRG_Q4-1454x1536.jpg 1454w, https:\/\/groupedynamite.com\/wp-content\/uploads\/2026\/04\/GRG_Q4.jpg 1938w, https:\/\/groupedynamite.com\/wp-content\/uploads\/2026\/04\/GRG_Q4-1920x2029.jpg 1920w, https:\/\/groupedynamite.com\/wp-content\/uploads\/2026\/04\/GRG_Q4-1400x1479.jpg 1400w, https:\/\/groupedynamite.com\/wp-content\/uploads\/2026\/04\/GRG_Q4-640x676.jpg 640w, https:\/\/groupedynamite.com\/wp-content\/uploads\/2026\/04\/GRG_Q4-480x507.jpg 480w, https:\/\/groupedynamite.com\/wp-content\/uploads\/2026\/04\/GRG_Q4-350x370.jpg 350w, https:\/\/groupedynamite.com\/wp-content\/uploads\/2026\/04\/GRG_Q4-150x158.jpg 150w\" sizes=\"auto, (max-width: 1024px) 100vw, 1024px\" \/>    <\/div><img loading=\"lazy\" decoding=\"async\" width=\"974\" height=\"179\" src=\"https:\/\/groupedynamite.com\/wp-content\/uploads\/2024\/09\/GRG-LOGO.png\" class=\"brand-name-image || absolute top-[55%] scale-[0.85] max-h-[60px] object-contain w-full 2xl:scale-[1.25]\" alt=\"\" srcset=\"https:\/\/groupedynamite.com\/wp-content\/uploads\/2024\/09\/GRG-LOGO.png 974w, https:\/\/groupedynamite.com\/wp-content\/uploads\/2024\/09\/GRG-LOGO-300x55.png 300w, https:\/\/groupedynamite.com\/wp-content\/uploads\/2024\/09\/GRG-LOGO-768x141.png 768w, https:\/\/groupedynamite.com\/wp-content\/uploads\/2024\/09\/GRG-LOGO-640x118.png 640w, https:\/\/groupedynamite.com\/wp-content\/uploads\/2024\/09\/GRG-LOGO-480x88.png 480w, https:\/\/groupedynamite.com\/wp-content\/uploads\/2024\/09\/GRG-LOGO-350x64.png 350w, https:\/\/groupedynamite.com\/wp-content\/uploads\/2024\/09\/GRG-LOGO-150x28.png 150w\" sizes=\"auto, (max-width: 974px) 100vw, 974px\" \/>                    <div class=\"discover || text-h3 || opacity-0 transition-opacity duration-500 group-hover:opacity-100\">D\u00e9couvrir<\/div>\n                <\/a>\n                    <\/div>\n    <\/div>\n<\/section>\n\n\n<section class=\"preview-careers section || overflow-hidden\">\n    <div class=\"wrapper || [display:grid] gap-8 pb-8 || lg:[grid-template-columns:1fr_auto] lg:pb-12\">\n        <h3 class=\"text-h3 || max-w-[900px] min-[900px]:shrink-0\">Quiconque a dit que travailler dur et s&rsquo;amuser ne vont pas de pair n&rsquo;a jamais pass\u00e9 une journ\u00e9e chez GDI! Que vous soyez \u00e0 l&rsquo;origine du succ\u00e8s de nos \u00e9quipes en magasin ou au Si\u00e8ge social, vous trouverez chez nous un milieu de travail inspirant, dynamique, positif et inclusif.<\/h3>\n            <a href=\"https:\/\/careers.groupedynamite.com\/gdi?lang=fr-CA\" class=\"h-fit justify-self-end text-h3 border-2 border-charcoal rounded-[90px] bg-transparent py-[10px] px-[25px] transition-all duration-300 hover:text-white hover:bg-charcoal\"  target=\"\" >Carri\u00e8res chez GDI<\/a>\n    <\/div>\n    <div class=\"relative\">\n        <img loading=\"lazy\" decoding=\"async\" width=\"1920\" height=\"833\" src=\"https:\/\/groupedynamite.com\/wp-content\/uploads\/2024\/09\/Index-4-Desktop-1920x833.jpg\" class=\"h-screen max-h-[768px] w-full object-cover object-top\" alt=\"\" srcset=\"https:\/\/groupedynamite.com\/wp-content\/uploads\/2024\/09\/Index-4-Desktop-1920x833.jpg 1920w, https:\/\/groupedynamite.com\/wp-content\/uploads\/2024\/09\/Index-4-Desktop-300x130.jpg 300w, https:\/\/groupedynamite.com\/wp-content\/uploads\/2024\/09\/Index-4-Desktop-1024x444.jpg 1024w, https:\/\/groupedynamite.com\/wp-content\/uploads\/2024\/09\/Index-4-Desktop-768x333.jpg 768w, https:\/\/groupedynamite.com\/wp-content\/uploads\/2024\/09\/Index-4-Desktop-1536x667.jpg 1536w, https:\/\/groupedynamite.com\/wp-content\/uploads\/2024\/09\/Index-4-Desktop-2048x889.jpg 2048w, https:\/\/groupedynamite.com\/wp-content\/uploads\/2024\/09\/Index-4-Desktop-1400x608.jpg 1400w, https:\/\/groupedynamite.com\/wp-content\/uploads\/2024\/09\/Index-4-Desktop-640x278.jpg 640w, https:\/\/groupedynamite.com\/wp-content\/uploads\/2024\/09\/Index-4-Desktop-480x208.jpg 480w, https:\/\/groupedynamite.com\/wp-content\/uploads\/2024\/09\/Index-4-Desktop-350x152.jpg 350w, https:\/\/groupedynamite.com\/wp-content\/uploads\/2024\/09\/Index-4-Desktop-150x65.jpg 150w\" sizes=\"auto, (max-width: 1920px) 100vw, 1920px\" \/>        <h2 class=\"careers-title-js || text-h1 || absolute top-1\/2 left-1\/2 -translate-x-1\/2 -translate-y-1\/2 w-[calc(100%-32px)]\" style=\"opacity: 0\">La mode, c&rsquo;est notre sp\u00e9cialit\u00e9.<br \/>\r\nNos employ\u00e9s sont \u00e0 la source de notre histoire. <\/h2>\n    <\/div>\n<\/section>","protected":false},"excerpt":{"rendered":"","protected":false},"author":2,"featured_media":0,"parent":0,"menu_order":0,"comment_status":"closed","ping_status":"closed","template":"","meta":{"_acf_changed":true,"inline_featured_image":false,"footnotes":""},"class_list":["post-344","page","type-page","status-publish","hentry"],"acf":[],"_links":{"self":[{"href":"https:\/\/groupedynamite.com\/fr\/wp-json\/wp\/v2\/pages\/344","targetHints":{"allow":["GET"]}}],"collection":[{"href":"https:\/\/groupedynamite.com\/fr\/wp-json\/wp\/v2\/pages"}],"about":[{"href":"https:\/\/groupedynamite.com\/fr\/wp-json\/wp\/v2\/types\/page"}],"author":[{"embeddable":true,"href":"https:\/\/groupedynamite.com\/fr\/wp-json\/wp\/v2\/users\/2"}],"replies":[{"embeddable":true,"href":"https:\/\/groupedynamite.com\/fr\/wp-json\/wp\/v2\/comments?post=344"}],"version-history":[{"count":0,"href":"https:\/\/groupedynamite.com\/fr\/wp-json\/wp\/v2\/pages\/344\/revisions"}],"wp:attachment":[{"href":"https:\/\/groupedynamite.com\/fr\/wp-json\/wp\/v2\/media?parent=344"}],"curies":[{"name":"wp","href":"https:\/\/api.w.org\/{rel}","templated":true}]}}